{"id":637,"date":"2020-07-01T02:31:34","date_gmt":"2020-07-01T07:31:34","guid":{"rendered":"https:\/\/10.8.0.15:8080\/wpixpo\/?page_id=637"},"modified":"2025-07-23T11:57:23","modified_gmt":"2025-07-23T17:57:23","slug":"iso27001","status":"publish","type":"page","link":"https:\/\/www.infoexpo.com.mx\/home\/iso27001\/","title":{"rendered":"ISO27001"},"content":{"rendered":"\t\t<div data-elementor-type=\"wp-post\" data-elementor-id=\"637\" class=\"elementor elementor-637\">\n\t\t\t\t\t\t<section class=\"elementor-section elementor-top-section elementor-element elementor-element-7d0b1fd elementor-section-content-middle elementor-section-boxed elementor-section-height-default elementor-section-height-default\" data-id=\"7d0b1fd\" data-element_type=\"section\" data-e-type=\"section\" data-settings=\"{&quot;background_background&quot;:&quot;classic&quot;}\">\n\t\t\t\t\t\t\t<div class=\"elementor-background-overlay\"><\/div>\n\t\t\t\t\t\t\t<div class=\"elementor-container elementor-column-gap-no\">\n\t\t\t\t\t<div class=\"elementor-column elementor-col-100 elementor-top-column elementor-element elementor-element-2365ee4d\" data-id=\"2365ee4d\" data-element_type=\"column\" data-e-type=\"column\">\n\t\t\t<div class=\"elementor-widget-wrap elementor-element-populated\">\n\t\t\t\t\t\t<div class=\"elementor-element elementor-element-3e363d46 elementor-widget elementor-widget-heading\" data-id=\"3e363d46\" data-element_type=\"widget\" data-e-type=\"widget\" data-widget_type=\"heading.default\">\n\t\t\t\t<div class=\"elementor-widget-container\">\n\t\t\t\t\t<h1 class=\"elementor-heading-title elementor-size-default\">ISO 27001<\/h1>\t\t\t\t<\/div>\n\t\t\t\t<\/div>\n\t\t\t\t\t<\/div>\n\t\t<\/div>\n\t\t\t\t\t<\/div>\n\t\t<\/section>\n\t\t\t\t<section class=\"elementor-section elementor-top-section elementor-element elementor-element-695b2b0f elementor-section-content-top elementor-section-boxed elementor-section-height-default elementor-section-height-default\" data-id=\"695b2b0f\" data-element_type=\"section\" data-e-type=\"section\" data-settings=\"{&quot;background_background&quot;:&quot;classic&quot;}\">\n\t\t\t\t\t\t<div class=\"elementor-container elementor-column-gap-no\">\n\t\t\t\t\t<div class=\"elementor-column elementor-col-100 elementor-top-column elementor-element elementor-element-43d414b9\" data-id=\"43d414b9\" data-element_type=\"column\" data-e-type=\"column\">\n\t\t\t<div class=\"elementor-widget-wrap elementor-element-populated\">\n\t\t\t\t\t\t<div class=\"elementor-element elementor-element-65a46ba6 elementor-widget elementor-widget-heading\" data-id=\"65a46ba6\" data-element_type=\"widget\" data-e-type=\"widget\" data-widget_type=\"heading.default\">\n\t\t\t\t<div class=\"elementor-widget-container\">\n\t\t\t\t\t<h4 class=\"elementor-heading-title elementor-size-default\"><br><h2>ISO 27001<\/h2><\/h4>\t\t\t\t<\/div>\n\t\t\t\t<\/div>\n\t\t\t\t<div class=\"elementor-element elementor-element-2922c6da elementor-widget elementor-widget-text-editor\" data-id=\"2922c6da\" data-element_type=\"widget\" data-e-type=\"widget\" data-widget_type=\"text-editor.default\">\n\t\t\t\t<div class=\"elementor-widget-container\">\n\t\t\t\t\t\t\t\t\t<p>Conscientes de la importancia y el valor de la informaci\u00f3n en Infoexpo trabajamos bajo lineamientos que nos permiten garantizar a nuestros clientes la confidencialidad, disponibilidad e integridad de su informaci\u00f3n, traduci\u00e9ndose en un beneficio directo y tangible para sus eventos<\/p>\t\t\t\t\t\t\t\t<\/div>\n\t\t\t\t<\/div>\n\t\t\t\t<div class=\"elementor-element elementor-element-b10e503 elementor-widget elementor-widget-heading\" data-id=\"b10e503\" data-element_type=\"widget\" data-e-type=\"widget\" data-widget_type=\"heading.default\">\n\t\t\t\t<div class=\"elementor-widget-container\">\n\t\t\t\t\t<h4 class=\"elementor-heading-title elementor-size-default\">Certificaci\u00f3n Vigente<\/h4>\t\t\t\t<\/div>\n\t\t\t\t<\/div>\n\t\t\t\t<section class=\"elementor-section elementor-inner-section elementor-element elementor-element-46c6de9 elementor-section-boxed elementor-section-height-default elementor-section-height-default\" data-id=\"46c6de9\" data-element_type=\"section\" data-e-type=\"section\">\n\t\t\t\t\t\t<div class=\"elementor-container elementor-column-gap-default\">\n\t\t\t\t\t<div class=\"elementor-column elementor-col-50 elementor-inner-column elementor-element elementor-element-6af803e\" data-id=\"6af803e\" data-element_type=\"column\" data-e-type=\"column\">\n\t\t\t<div class=\"elementor-widget-wrap elementor-element-populated\">\n\t\t\t\t\t\t<div class=\"elementor-element elementor-element-c0f82c3 elementor-widget elementor-widget-image\" data-id=\"c0f82c3\" data-element_type=\"widget\" data-e-type=\"widget\" data-widget_type=\"image.default\">\n\t\t\t\t<div class=\"elementor-widget-container\">\n\t\t\t\t\t\t\t\t\t\t\t\t\t\t\t<img fetchpriority=\"high\" decoding=\"async\" width=\"724\" height=\"1024\" src=\"https:\/\/i0.wp.com\/www.infoexpo.com.mx\/home\/wp-content\/uploads\/2025\/07\/Certificado-27001-IQNet-IXPO-Act-2025-scaled.jpg?fit=724%2C1024&amp;ssl=1\" class=\"attachment-large size-large wp-image-2146\" alt=\"IQNET IXPO 2025\" srcset=\"https:\/\/i0.wp.com\/www.infoexpo.com.mx\/home\/wp-content\/uploads\/2025\/07\/Certificado-27001-IQNet-IXPO-Act-2025-scaled.jpg?w=1811&amp;ssl=1 1811w, https:\/\/i0.wp.com\/www.infoexpo.com.mx\/home\/wp-content\/uploads\/2025\/07\/Certificado-27001-IQNet-IXPO-Act-2025-scaled.jpg?resize=212%2C300&amp;ssl=1 212w, https:\/\/i0.wp.com\/www.infoexpo.com.mx\/home\/wp-content\/uploads\/2025\/07\/Certificado-27001-IQNet-IXPO-Act-2025-scaled.jpg?resize=724%2C1024&amp;ssl=1 724w, https:\/\/i0.wp.com\/www.infoexpo.com.mx\/home\/wp-content\/uploads\/2025\/07\/Certificado-27001-IQNet-IXPO-Act-2025-scaled.jpg?resize=768%2C1086&amp;ssl=1 768w, https:\/\/i0.wp.com\/www.infoexpo.com.mx\/home\/wp-content\/uploads\/2025\/07\/Certificado-27001-IQNet-IXPO-Act-2025-scaled.jpg?resize=1086%2C1536&amp;ssl=1 1086w, https:\/\/i0.wp.com\/www.infoexpo.com.mx\/home\/wp-content\/uploads\/2025\/07\/Certificado-27001-IQNet-IXPO-Act-2025-scaled.jpg?resize=1448%2C2048&amp;ssl=1 1448w\" sizes=\"(max-width: 724px) 100vw, 724px\" \/>\t\t\t\t\t\t\t\t\t\t\t\t\t\t\t<\/div>\n\t\t\t\t<\/div>\n\t\t\t\t\t<\/div>\n\t\t<\/div>\n\t\t\t\t<div class=\"elementor-column elementor-col-50 elementor-inner-column elementor-element elementor-element-cf6a0dc\" data-id=\"cf6a0dc\" data-element_type=\"column\" data-e-type=\"column\">\n\t\t\t<div class=\"elementor-widget-wrap elementor-element-populated\">\n\t\t\t\t\t\t<div class=\"elementor-element elementor-element-916c28b elementor-widget elementor-widget-image\" data-id=\"916c28b\" data-element_type=\"widget\" data-e-type=\"widget\" data-widget_type=\"image.default\">\n\t\t\t\t<div class=\"elementor-widget-container\">\n\t\t\t\t\t\t\t\t\t\t\t\t\t\t\t<img decoding=\"async\" width=\"791\" height=\"1024\" src=\"https:\/\/i0.wp.com\/www.infoexpo.com.mx\/home\/wp-content\/uploads\/2025\/07\/Certificado-NYCE-27001-IXPO-Act-2025.jpg?fit=791%2C1024&amp;ssl=1\" class=\"attachment-large size-large wp-image-2147\" alt=\"\" srcset=\"https:\/\/i0.wp.com\/www.infoexpo.com.mx\/home\/wp-content\/uploads\/2025\/07\/Certificado-NYCE-27001-IXPO-Act-2025.jpg?w=1869&amp;ssl=1 1869w, https:\/\/i0.wp.com\/www.infoexpo.com.mx\/home\/wp-content\/uploads\/2025\/07\/Certificado-NYCE-27001-IXPO-Act-2025.jpg?resize=232%2C300&amp;ssl=1 232w, https:\/\/i0.wp.com\/www.infoexpo.com.mx\/home\/wp-content\/uploads\/2025\/07\/Certificado-NYCE-27001-IXPO-Act-2025.jpg?resize=791%2C1024&amp;ssl=1 791w, https:\/\/i0.wp.com\/www.infoexpo.com.mx\/home\/wp-content\/uploads\/2025\/07\/Certificado-NYCE-27001-IXPO-Act-2025.jpg?resize=768%2C994&amp;ssl=1 768w, https:\/\/i0.wp.com\/www.infoexpo.com.mx\/home\/wp-content\/uploads\/2025\/07\/Certificado-NYCE-27001-IXPO-Act-2025.jpg?resize=1186%2C1536&amp;ssl=1 1186w, https:\/\/i0.wp.com\/www.infoexpo.com.mx\/home\/wp-content\/uploads\/2025\/07\/Certificado-NYCE-27001-IXPO-Act-2025.jpg?resize=1582%2C2048&amp;ssl=1 1582w\" sizes=\"(max-width: 791px) 100vw, 791px\" \/>\t\t\t\t\t\t\t\t\t\t\t\t\t\t\t<\/div>\n\t\t\t\t<\/div>\n\t\t\t\t\t<\/div>\n\t\t<\/div>\n\t\t\t\t\t<\/div>\n\t\t<\/section>\n\t\t\t\t\t<\/div>\n\t\t<\/div>\n\t\t\t\t\t<\/div>\n\t\t<\/section>\n\t\t\t\t<section class=\"elementor-section elementor-top-section elementor-element elementor-element-424aa8f8 elementor-section-boxed elementor-section-height-default elementor-section-height-default\" data-id=\"424aa8f8\" data-element_type=\"section\" data-e-type=\"section\" data-settings=\"{&quot;background_background&quot;:&quot;classic&quot;}\">\n\t\t\t\t\t\t<div class=\"elementor-container elementor-column-gap-default\">\n\t\t\t\t\t<div class=\"elementor-column elementor-col-25 elementor-top-column elementor-element elementor-element-47dc678\" data-id=\"47dc678\" data-element_type=\"column\" data-e-type=\"column\">\n\t\t\t<div class=\"elementor-widget-wrap\">\n\t\t\t\t\t\t\t<\/div>\n\t\t<\/div>\n\t\t\t\t<div class=\"elementor-column elementor-col-25 elementor-top-column elementor-element elementor-element-404eac3f\" data-id=\"404eac3f\" data-element_type=\"column\" data-e-type=\"column\">\n\t\t\t<div class=\"elementor-widget-wrap elementor-element-populated\">\n\t\t\t\t\t\t<div class=\"elementor-element elementor-element-34975a22 elementor-widget elementor-widget-heading\" data-id=\"34975a22\" data-element_type=\"widget\" data-e-type=\"widget\" data-widget_type=\"heading.default\">\n\t\t\t\t<div class=\"elementor-widget-container\">\n\t\t\t\t\t<h3 class=\"elementor-heading-title elementor-size-default\"><h3 style=\"border: 0px;font-size: 1.53333rem;font-style: normal;font-weight: 700;margin: 0px 0px 20px;padding: 0px;vertical-align: baseline;clear: both;line-height: 1.5;font-family: Montserrat, sans-serif;text-transform: none;letter-spacing: normal;text-align: center;text-indent: 0px;white-space: normal\"><br><br>\u00bfNecesita ayuda para encontrar una soluci\u00f3n a su medida? <br>\u00a1Somos Expertos!<\/h3><\/h3>\t\t\t\t<\/div>\n\t\t\t\t<\/div>\n\t\t\t\t\t<\/div>\n\t\t<\/div>\n\t\t\t\t<div class=\"elementor-column elementor-col-25 elementor-top-column elementor-element elementor-element-70e92261\" data-id=\"70e92261\" data-element_type=\"column\" data-e-type=\"column\">\n\t\t\t<div class=\"elementor-widget-wrap elementor-element-populated\">\n\t\t\t\t\t\t<div class=\"elementor-element elementor-element-78818cc6 elementor-align-center elementor-widget elementor-widget-button\" data-id=\"78818cc6\" data-element_type=\"widget\" data-e-type=\"widget\" data-widget_type=\"button.default\">\n\t\t\t\t<div class=\"elementor-widget-container\">\n\t\t\t\t\t\t\t\t\t<div class=\"elementor-button-wrapper\">\n\t\t\t\t\t<a class=\"elementor-button elementor-button-link elementor-size-sm\" href=\"#\">\n\t\t\t\t\t\t<span class=\"elementor-button-content-wrapper\">\n\t\t\t\t\t\t\t\t\t<span class=\"elementor-button-text\">Solicita un DEMO<\/span>\n\t\t\t\t\t<\/span>\n\t\t\t\t\t<\/a>\n\t\t\t\t<\/div>\n\t\t\t\t\t\t\t\t<\/div>\n\t\t\t\t<\/div>\n\t\t\t\t\t<\/div>\n\t\t<\/div>\n\t\t\t\t<div class=\"elementor-column elementor-col-25 elementor-top-column elementor-element elementor-element-32df6e90\" data-id=\"32df6e90\" data-element_type=\"column\" data-e-type=\"column\">\n\t\t\t<div class=\"elementor-widget-wrap\">\n\t\t\t\t\t\t\t<\/div>\n\t\t<\/div>\n\t\t\t\t\t<\/div>\n\t\t<\/section>\n\t\t\t\t<\/div>\n\t\t","protected":false},"excerpt":{"rendered":"<p>ISO 27001 ISO 27001 Conscientes de la importancia y el valor de la informaci\u00f3n en Infoexpo trabajamos bajo lineamientos que nos permiten garantizar a nuestros clientes la confidencialidad, disponibilidad e integridad de su informaci\u00f3n, traduci\u00e9ndose en un beneficio directo y tangible para sus eventos Certificaci\u00f3n Vigente \u00bfNecesita ayuda para encontrar una soluci\u00f3n a su medida? [&hellip;]<\/p>\n","protected":false},"author":1,"featured_media":0,"parent":0,"menu_order":0,"comment_status":"closed","ping_status":"closed","template":"","meta":{"site-sidebar-layout":"no-sidebar","site-content-layout":"page-builder","ast-site-content-layout":"full-width-container","site-content-style":"unboxed","site-sidebar-style":"unboxed","ast-global-header-display":"","ast-banner-title-visibility":"","ast-main-header-display":"","ast-hfb-above-header-display":"","ast-hfb-below-header-display":"","ast-hfb-mobile-header-display":"","site-post-title":"disabled","ast-breadcrumbs-content":"","ast-featured-img":"disabled","footer-sml-layout":"","ast-disable-related-posts":"","theme-transparent-header-meta":"enabled","adv-header-id-meta":"","stick-header-meta":"","header-above-stick-meta":"","header-main-stick-meta":"","header-below-stick-meta":"","astra-migrate-meta-layouts":"set","ast-page-background-enabled":"default","ast-page-background-meta":{"desktop":{"background-color":"","background-image":"","background-repeat":"repeat","background-position":"center center","background-size":"auto","background-attachment":"scroll","background-type":"","background-media":"","overlay-type":"","overlay-color":"","overlay-opacity":"","overlay-gradient":""},"tablet":{"background-color":"","background-image":"","background-repeat":"repeat","background-position":"center center","background-size":"auto","background-attachment":"scroll","background-type":"","background-media":"","overlay-type":"","overlay-color":"","overlay-opacity":"","overlay-gradient":""},"mobile":{"background-color":"","background-image":"","background-repeat":"repeat","background-position":"center center","background-size":"auto","background-attachment":"scroll","background-type":"","background-media":"","overlay-type":"","overlay-color":"","overlay-opacity":"","overlay-gradient":""}},"ast-content-background-meta":{"desktop":{"background-color":"var(--ast-global-color-5)","background-image":"","background-repeat":"repeat","background-position":"center center","background-size":"auto","background-attachment":"scroll","background-type":"","background-media":"","overlay-type":"","overlay-color":"","overlay-opacity":"","overlay-gradient":""},"tablet":{"background-color":"var(--ast-global-color-5)","background-image":"","background-repeat":"repeat","background-position":"center center","background-size":"auto","background-attachment":"scroll","background-type":"","background-media":"","overlay-type":"","overlay-color":"","overlay-opacity":"","overlay-gradient":""},"mobile":{"background-color":"var(--ast-global-color-5)","background-image":"","background-repeat":"repeat","background-position":"center center","background-size":"auto","background-attachment":"scroll","background-type":"","background-media":"","overlay-type":"","overlay-color":"","overlay-opacity":"","overlay-gradient":""}},"footnotes":""},"class_list":["post-637","page","type-page","status-publish","hentry"],"yoast_head":"<!-- This site is optimized with the Yoast SEO plugin v27.1.1 - https:\/\/yoast.com\/product\/yoast-seo-wordpress\/ -->\n<title>ISO27001 &#8211; Infoexpo<\/title>\n<meta name=\"description\" content=\"Somos la \u00fanica empresa certificada en ISO 27001 en la Industria del Turismo de Reuniones en M\u00e9xico.\" \/>\n<meta name=\"robots\" content=\"index, follow, max-snippet:-1, max-image-preview:large, max-video-preview:-1\" \/>\n<link rel=\"canonical\" href=\"https:\/\/www.infoexpo.com.mx\/home\/iso27001\/\" \/>\n<meta property=\"og:locale\" content=\"en_US\" \/>\n<meta property=\"og:type\" content=\"article\" \/>\n<meta property=\"og:title\" content=\"ISO27001 &#8211; Infoexpo\" \/>\n<meta property=\"og:description\" content=\"Somos la \u00fanica empresa certificada en ISO 27001 en la Industria del Turismo de Reuniones en M\u00e9xico.\" \/>\n<meta property=\"og:url\" content=\"https:\/\/www.infoexpo.com.mx\/home\/iso27001\/\" \/>\n<meta property=\"og:site_name\" content=\"Infoexpo\" \/>\n<meta property=\"article:publisher\" content=\"https:\/\/es-la.facebook.com\/infoexpomx\/\" \/>\n<meta property=\"article:modified_time\" content=\"2025-07-23T17:57:23+00:00\" \/>\n<meta property=\"og:image\" content=\"https:\/\/www.infoexpo.com.mx\/home\/wp-content\/uploads\/2025\/07\/Certificado-27001-IQNet-IXPO-Act-2025-724x1024.jpg\" \/>\n<meta name=\"twitter:card\" content=\"summary_large_image\" \/>\n<meta name=\"twitter:label1\" content=\"Est. reading time\" \/>\n\t<meta name=\"twitter:data1\" content=\"1 minute\" \/>\n<script type=\"application\/ld+json\" class=\"yoast-schema-graph\">{\"@context\":\"https:\/\/schema.org\",\"@graph\":[{\"@type\":\"WebPage\",\"@id\":\"https:\/\/www.infoexpo.com.mx\/home\/iso27001\/\",\"url\":\"https:\/\/www.infoexpo.com.mx\/home\/iso27001\/\",\"name\":\"ISO27001 &#8211; Infoexpo\",\"isPartOf\":{\"@id\":\"https:\/\/www.infoexpo.com.mx\/home\/#website\"},\"primaryImageOfPage\":{\"@id\":\"https:\/\/www.infoexpo.com.mx\/home\/iso27001\/#primaryimage\"},\"image\":{\"@id\":\"https:\/\/www.infoexpo.com.mx\/home\/iso27001\/#primaryimage\"},\"thumbnailUrl\":\"https:\/\/www.infoexpo.com.mx\/home\/wp-content\/uploads\/2025\/07\/Certificado-27001-IQNet-IXPO-Act-2025-724x1024.jpg\",\"datePublished\":\"2020-07-01T07:31:34+00:00\",\"dateModified\":\"2025-07-23T17:57:23+00:00\",\"description\":\"Somos la \u00fanica empresa certificada en ISO 27001 en la Industria del Turismo de Reuniones en M\u00e9xico.\",\"breadcrumb\":{\"@id\":\"https:\/\/www.infoexpo.com.mx\/home\/iso27001\/#breadcrumb\"},\"inLanguage\":\"en-US\",\"potentialAction\":[{\"@type\":\"ReadAction\",\"target\":[\"https:\/\/www.infoexpo.com.mx\/home\/iso27001\/\"]}]},{\"@type\":\"ImageObject\",\"inLanguage\":\"en-US\",\"@id\":\"https:\/\/www.infoexpo.com.mx\/home\/iso27001\/#primaryimage\",\"url\":\"https:\/\/i0.wp.com\/www.infoexpo.com.mx\/home\/wp-content\/uploads\/2025\/07\/Certificado-27001-IQNet-IXPO-Act-2025-scaled.jpg?fit=1811%2C2560&ssl=1\",\"contentUrl\":\"https:\/\/i0.wp.com\/www.infoexpo.com.mx\/home\/wp-content\/uploads\/2025\/07\/Certificado-27001-IQNet-IXPO-Act-2025-scaled.jpg?fit=1811%2C2560&ssl=1\",\"width\":1811,\"height\":2560,\"caption\":\"IQNET IXPO 2025\"},{\"@type\":\"BreadcrumbList\",\"@id\":\"https:\/\/www.infoexpo.com.mx\/home\/iso27001\/#breadcrumb\",\"itemListElement\":[{\"@type\":\"ListItem\",\"position\":1,\"name\":\"Home\",\"item\":\"https:\/\/www.infoexpo.com.mx\/home\/\"},{\"@type\":\"ListItem\",\"position\":2,\"name\":\"ISO27001\"}]},{\"@type\":\"WebSite\",\"@id\":\"https:\/\/www.infoexpo.com.mx\/home\/#website\",\"url\":\"https:\/\/www.infoexpo.com.mx\/home\/\",\"name\":\"Infoexpo\",\"description\":\"Soluciones Brillantes\",\"publisher\":{\"@id\":\"https:\/\/www.infoexpo.com.mx\/home\/#organization\"},\"potentialAction\":[{\"@type\":\"SearchAction\",\"target\":{\"@type\":\"EntryPoint\",\"urlTemplate\":\"https:\/\/www.infoexpo.com.mx\/home\/?s={search_term_string}\"},\"query-input\":{\"@type\":\"PropertyValueSpecification\",\"valueRequired\":true,\"valueName\":\"search_term_string\"}}],\"inLanguage\":\"en-US\"},{\"@type\":\"Organization\",\"@id\":\"https:\/\/www.infoexpo.com.mx\/home\/#organization\",\"name\":\"Infoexpo\",\"url\":\"https:\/\/www.infoexpo.com.mx\/home\/\",\"logo\":{\"@type\":\"ImageObject\",\"inLanguage\":\"en-US\",\"@id\":\"https:\/\/www.infoexpo.com.mx\/home\/#\/schema\/logo\/image\/\",\"url\":\"https:\/\/i2.wp.com\/www.infoexpo.com.mx\/home\/wp-content\/uploads\/2020\/06\/Logo_Infoexpo_320x132.png?fit=320%2C132&ssl=1\",\"contentUrl\":\"https:\/\/i2.wp.com\/www.infoexpo.com.mx\/home\/wp-content\/uploads\/2020\/06\/Logo_Infoexpo_320x132.png?fit=320%2C132&ssl=1\",\"width\":320,\"height\":132,\"caption\":\"Infoexpo\"},\"image\":{\"@id\":\"https:\/\/www.infoexpo.com.mx\/home\/#\/schema\/logo\/image\/\"},\"sameAs\":[\"https:\/\/es-la.facebook.com\/infoexpomx\/\",\"https:\/\/www.instagram.com\/infoexpo_cdmx\/\",\"https:\/\/mx.linkedin.com\/company\/infoexpo-mx\"]}]}<\/script>\n<!-- \/ Yoast SEO plugin. -->","yoast_head_json":{"title":"ISO27001 &#8211; Infoexpo","description":"Somos la \u00fanica empresa certificada en ISO 27001 en la Industria del Turismo de Reuniones en M\u00e9xico.","robots":{"index":"index","follow":"follow","max-snippet":"max-snippet:-1","max-image-preview":"max-image-preview:large","max-video-preview":"max-video-preview:-1"},"canonical":"https:\/\/www.infoexpo.com.mx\/home\/iso27001\/","og_locale":"en_US","og_type":"article","og_title":"ISO27001 &#8211; Infoexpo","og_description":"Somos la \u00fanica empresa certificada en ISO 27001 en la Industria del Turismo de Reuniones en M\u00e9xico.","og_url":"https:\/\/www.infoexpo.com.mx\/home\/iso27001\/","og_site_name":"Infoexpo","article_publisher":"https:\/\/es-la.facebook.com\/infoexpomx\/","article_modified_time":"2025-07-23T17:57:23+00:00","og_image":[{"url":"https:\/\/www.infoexpo.com.mx\/home\/wp-content\/uploads\/2025\/07\/Certificado-27001-IQNet-IXPO-Act-2025-724x1024.jpg","type":"","width":"","height":""}],"twitter_card":"summary_large_image","twitter_misc":{"Est. reading time":"1 minute"},"schema":{"@context":"https:\/\/schema.org","@graph":[{"@type":"WebPage","@id":"https:\/\/www.infoexpo.com.mx\/home\/iso27001\/","url":"https:\/\/www.infoexpo.com.mx\/home\/iso27001\/","name":"ISO27001 &#8211; Infoexpo","isPartOf":{"@id":"https:\/\/www.infoexpo.com.mx\/home\/#website"},"primaryImageOfPage":{"@id":"https:\/\/www.infoexpo.com.mx\/home\/iso27001\/#primaryimage"},"image":{"@id":"https:\/\/www.infoexpo.com.mx\/home\/iso27001\/#primaryimage"},"thumbnailUrl":"https:\/\/www.infoexpo.com.mx\/home\/wp-content\/uploads\/2025\/07\/Certificado-27001-IQNet-IXPO-Act-2025-724x1024.jpg","datePublished":"2020-07-01T07:31:34+00:00","dateModified":"2025-07-23T17:57:23+00:00","description":"Somos la \u00fanica empresa certificada en ISO 27001 en la Industria del Turismo de Reuniones en M\u00e9xico.","breadcrumb":{"@id":"https:\/\/www.infoexpo.com.mx\/home\/iso27001\/#breadcrumb"},"inLanguage":"en-US","potentialAction":[{"@type":"ReadAction","target":["https:\/\/www.infoexpo.com.mx\/home\/iso27001\/"]}]},{"@type":"ImageObject","inLanguage":"en-US","@id":"https:\/\/www.infoexpo.com.mx\/home\/iso27001\/#primaryimage","url":"https:\/\/i0.wp.com\/www.infoexpo.com.mx\/home\/wp-content\/uploads\/2025\/07\/Certificado-27001-IQNet-IXPO-Act-2025-scaled.jpg?fit=1811%2C2560&ssl=1","contentUrl":"https:\/\/i0.wp.com\/www.infoexpo.com.mx\/home\/wp-content\/uploads\/2025\/07\/Certificado-27001-IQNet-IXPO-Act-2025-scaled.jpg?fit=1811%2C2560&ssl=1","width":1811,"height":2560,"caption":"IQNET IXPO 2025"},{"@type":"BreadcrumbList","@id":"https:\/\/www.infoexpo.com.mx\/home\/iso27001\/#breadcrumb","itemListElement":[{"@type":"ListItem","position":1,"name":"Home","item":"https:\/\/www.infoexpo.com.mx\/home\/"},{"@type":"ListItem","position":2,"name":"ISO27001"}]},{"@type":"WebSite","@id":"https:\/\/www.infoexpo.com.mx\/home\/#website","url":"https:\/\/www.infoexpo.com.mx\/home\/","name":"Infoexpo","description":"Soluciones Brillantes","publisher":{"@id":"https:\/\/www.infoexpo.com.mx\/home\/#organization"},"potentialAction":[{"@type":"SearchAction","target":{"@type":"EntryPoint","urlTemplate":"https:\/\/www.infoexpo.com.mx\/home\/?s={search_term_string}"},"query-input":{"@type":"PropertyValueSpecification","valueRequired":true,"valueName":"search_term_string"}}],"inLanguage":"en-US"},{"@type":"Organization","@id":"https:\/\/www.infoexpo.com.mx\/home\/#organization","name":"Infoexpo","url":"https:\/\/www.infoexpo.com.mx\/home\/","logo":{"@type":"ImageObject","inLanguage":"en-US","@id":"https:\/\/www.infoexpo.com.mx\/home\/#\/schema\/logo\/image\/","url":"https:\/\/i2.wp.com\/www.infoexpo.com.mx\/home\/wp-content\/uploads\/2020\/06\/Logo_Infoexpo_320x132.png?fit=320%2C132&ssl=1","contentUrl":"https:\/\/i2.wp.com\/www.infoexpo.com.mx\/home\/wp-content\/uploads\/2020\/06\/Logo_Infoexpo_320x132.png?fit=320%2C132&ssl=1","width":320,"height":132,"caption":"Infoexpo"},"image":{"@id":"https:\/\/www.infoexpo.com.mx\/home\/#\/schema\/logo\/image\/"},"sameAs":["https:\/\/es-la.facebook.com\/infoexpomx\/","https:\/\/www.instagram.com\/infoexpo_cdmx\/","https:\/\/mx.linkedin.com\/company\/infoexpo-mx"]}]}},"jetpack_sharing_enabled":true,"_links":{"self":[{"href":"https:\/\/www.infoexpo.com.mx\/home\/wp-json\/wp\/v2\/pages\/637","targetHints":{"allow":["GET"]}}],"collection":[{"href":"https:\/\/www.infoexpo.com.mx\/home\/wp-json\/wp\/v2\/pages"}],"about":[{"href":"https:\/\/www.infoexpo.com.mx\/home\/wp-json\/wp\/v2\/types\/page"}],"author":[{"embeddable":true,"href":"https:\/\/www.infoexpo.com.mx\/home\/wp-json\/wp\/v2\/users\/1"}],"replies":[{"embeddable":true,"href":"https:\/\/www.infoexpo.com.mx\/home\/wp-json\/wp\/v2\/comments?post=637"}],"version-history":[{"count":51,"href":"https:\/\/www.infoexpo.com.mx\/home\/wp-json\/wp\/v2\/pages\/637\/revisions"}],"predecessor-version":[{"id":2152,"href":"https:\/\/www.infoexpo.com.mx\/home\/wp-json\/wp\/v2\/pages\/637\/revisions\/2152"}],"wp:attachment":[{"href":"https:\/\/www.infoexpo.com.mx\/home\/wp-json\/wp\/v2\/media?parent=637"}],"curies":[{"name":"wp","href":"https:\/\/api.w.org\/{rel}","templated":true}]}}